{"id":171,"date":"2026-02-23T15:49:30","date_gmt":"2026-02-23T15:49:30","guid":{"rendered":"https:\/\/maroquinerie5545.live-website.com\/the-house\/"},"modified":"2026-04-30T17:12:14","modified_gmt":"2026-04-30T17:12:14","slug":"the-house","status":"publish","type":"page","link":"https:\/\/cartlingj.com\/fr\/the-house\/","title":{"rendered":"THE HOUSE \u2013 Sac en cuir pleine fleur \u2013 Carlting J."},"content":{"rendered":"<h1 class=\"wp-block-heading\" style=\"margin-top:var(--wp--preset--spacing--superbspacing-xsmall);margin-right:var(--wp--preset--spacing--superbspacing-xsmall);margin-bottom:var(--wp--preset--spacing--superbspacing-xsmall);margin-left:var(--wp--preset--spacing--superbspacing-xsmall)\">La Maison<\/h1>\n\n\n\n<p><\/p>\n\n\n\n<p style=\"margin-top:var(--wp--preset--spacing--superbspacing-xsmall);margin-right:var(--wp--preset--spacing--superbspacing-xsmall);margin-bottom:var(--wp--preset--spacing--superbspacing-xsmall);margin-left:var(--wp--preset--spacing--superbspacing-xsmall)\">Cartling J. est n\u00e9e de la vision d'une fondatrice parisienne, guid\u00e9e par une intuition naturelle pour les formes \u00e9quilibr\u00e9es et les objets con\u00e7us pour durer. Au fil des ann\u00e9es, et \u00e0 travers des voyages en Europe, cette sensibilit\u00e9 s'est fa\u00e7onn\u00e9e au contact de diff\u00e9rentes influences \u2014 du raffinement discret de Paris aux paysages lumineux de la Toscane et de Capri \u2014 r\u00e9v\u00e9lant une conviction partag\u00e9e : la vraie \u00e9l\u00e9gance ne cherche jamais \u00e0 attirer l'attention. Elle se r\u00e9v\u00e8le par l'\u00e9quilibre, la simplicit\u00e9 et le temps.<\/p>\n\n\n\n<p><\/p>\n\n\n\n<p style=\"margin-top:var(--wp--preset--spacing--superbspacing-xsmall);margin-right:var(--wp--preset--spacing--superbspacing-xsmall);margin-bottom:var(--wp--preset--spacing--superbspacing-xsmall);margin-left:var(--wp--preset--spacing--superbspacing-xsmall)\">De cette intuition, la maison est n\u00e9e. Cr\u00e9er des objets capables d'exprimer cet univers est devenu une \u00e9vidence. Le cuir, mati\u00e8re vivante qui \u00e9volue et d\u00e9veloppe une patine avec le temps, en est naturellement devenu le langage. Les cr\u00e9ations de Cartling J. sont con\u00e7ues comme des objets vivants : pr\u00e9cis\u00e9ment structur\u00e9s, mais pens\u00e9s pour accompagner une vie avec discr\u00e9tion et caract\u00e8re.<\/p>\n\n\n\n<p><\/p>\n\n\n\n<p style=\"margin-top:var(--wp--preset--spacing--superbspacing-xsmall);margin-right:var(--wp--preset--spacing--superbspacing-xsmall);margin-bottom:var(--wp--preset--spacing--superbspacing-xsmall);margin-left:var(--wp--preset--spacing--superbspacing-xsmall)\">Cartling J. a \u00e9t\u00e9 fond\u00e9e sur une conviction :<br>La vraie \u00e9l\u00e9gance ne cherche pas l'attention - elle dure.<\/p>\n\n\n\n<figure class=\"wp-block-image alignfull size-large\" style=\"margin-top:var(--wp--preset--spacing--superbspacing-xsmall);margin-right:var(--wp--preset--spacing--superbspacing-xsmall);margin-bottom:var(--wp--preset--spacing--superbspacing-xsmall);margin-left:var(--wp--preset--spacing--superbspacing-xsmall)\"><img loading=\"lazy\" decoding=\"async\" width=\"1024\" height=\"535\" src=\"https:\/\/maroquinerie5545.live-website.com\/wp-content\/uploads\/2026\/02\/WhatsApp-Image-2026-02-25-at-16.36.17-1024x535.jpeg\" alt=\"\" class=\"wp-image-331\" srcset=\"https:\/\/cartlingj.com\/wp-content\/uploads\/2026\/02\/WhatsApp-Image-2026-02-25-at-16.36.17-1024x535.jpeg 1024w, https:\/\/cartlingj.com\/wp-content\/uploads\/2026\/02\/WhatsApp-Image-2026-02-25-at-16.36.17-300x157.jpeg 300w, https:\/\/cartlingj.com\/wp-content\/uploads\/2026\/02\/WhatsApp-Image-2026-02-25-at-16.36.17-768x401.jpeg 768w, https:\/\/cartlingj.com\/wp-content\/uploads\/2026\/02\/WhatsApp-Image-2026-02-25-at-16.36.17-18x9.jpeg 18w, https:\/\/cartlingj.com\/wp-content\/uploads\/2026\/02\/WhatsApp-Image-2026-02-25-at-16.36.17-600x314.jpeg 600w, https:\/\/cartlingj.com\/wp-content\/uploads\/2026\/02\/WhatsApp-Image-2026-02-25-at-16.36.17.jpeg 1408w\" sizes=\"auto, (max-width: 1024px) 100vw, 1024px\" \/><\/figure>\n\n\n\n<p><\/p>\n\n\n\n<p style=\"margin-top:var(--wp--preset--spacing--superbspacing-xsmall);margin-right:var(--wp--preset--spacing--superbspacing-xsmall);margin-bottom:var(--wp--preset--spacing--superbspacing-xsmall);margin-left:var(--wp--preset--spacing--superbspacing-xsmall)\">Nous nous consacrons au cuir comme mati\u00e8re de caract\u00e8re. Chaque peau est s\u00e9lectionn\u00e9e individuellement, jug\u00e9e pour sa profondeur, son grain, sa capacit\u00e9 \u00e0 vieillir avec dignit\u00e9. Rien n'est coup\u00e9 \u00e0 l'avance. Chaque pi\u00e8ce est con\u00e7ue avec intention.<\/p>\n\n\n\n<p style=\"margin-top:var(--wp--preset--spacing--superbspacing-xsmall);margin-right:var(--wp--preset--spacing--superbspacing-xsmall);margin-bottom:var(--wp--preset--spacing--superbspacing-xsmall);margin-left:var(--wp--preset--spacing--superbspacing-xsmall)\">Notre fabrication est rigoureuse. Un seul bloc de cuir, fa\u00e7onn\u00e9 par pliage plut\u00f4t que par accumulation. Les lignes sont mesur\u00e9es. Les proportions sont \u00e9tudi\u00e9es. Chaque point est plac\u00e9 avec une pr\u00e9cision absolue. La perfection n'est pas proclam\u00e9e, elle est ma\u00eetris\u00e9e.<\/p>\n\n\n\n<p><\/p>\n\n\n\n<p style=\"margin-top:var(--wp--preset--spacing--superbspacing-xsmall);margin-right:var(--wp--preset--spacing--superbspacing-xsmall);margin-bottom:var(--wp--preset--spacing--superbspacing-xsmall);margin-left:var(--wp--preset--spacing--superbspacing-xsmall)\">Nous privil\u00e9gions la sobri\u00e9t\u00e9 \u00e0 l'ornementation. La structure \u00e0 l'exhibition. Le silence au bruit.<\/p>\n\n\n\n<p><\/p>\n\n\n\n<p style=\"margin-top:var(--wp--preset--spacing--superbspacing-xsmall);margin-right:var(--wp--preset--spacing--superbspacing-xsmall);margin-bottom:var(--wp--preset--spacing--superbspacing-xsmall);margin-left:var(--wp--preset--spacing--superbspacing-xsmall)\">Cartling J. est con\u00e7ue pour les femmes qui ne suivent plus les tendances, mais affirment leur propre pr\u00e9sence \u2013 des femmes au style assur\u00e9, r\u00e9fl\u00e9chi et intemporel.<\/p>\n\n\n\n<p><\/p>\n\n\n\n<p style=\"margin-top:var(--wp--preset--spacing--superbspacing-xsmall);margin-right:var(--wp--preset--spacing--superbspacing-xsmall);margin-bottom:var(--wp--preset--spacing--superbspacing-xsmall);margin-left:var(--wp--preset--spacing--superbspacing-xsmall)\">Nos pi\u00e8ces ne sont pas cr\u00e9\u00e9es pour les saisons.<\/p>\n\n\n\n<p style=\"margin-top:var(--wp--preset--spacing--superbspacing-xsmall);margin-right:var(--wp--preset--spacing--superbspacing-xsmall);margin-bottom:var(--wp--preset--spacing--superbspacing-xsmall);margin-left:var(--wp--preset--spacing--superbspacing-xsmall)\"><br>Elles sont con\u00e7ues pour accompagner une vie d\u00e9j\u00e0 bien \u00e9tablie.<\/p>\n\n\n\n<p style=\"margin-right:var(--wp--preset--spacing--superbspacing-large);margin-left:var(--wp--preset--spacing--superbspacing-large)\"><\/p>\n\n\n\n<p style=\"margin-top:var(--wp--preset--spacing--superbspacing-xsmall);margin-right:var(--wp--preset--spacing--superbspacing-xsmall);margin-bottom:var(--wp--preset--spacing--superbspacing-xsmall);margin-left:var(--wp--preset--spacing--superbspacing-xsmall)\">Rares par choix.<\/p>\n\n\n\n<p style=\"margin-top:var(--wp--preset--spacing--superbspacing-xsmall);margin-right:var(--wp--preset--spacing--superbspacing-xsmall);margin-bottom:var(--wp--preset--spacing--superbspacing-xsmall);margin-left:var(--wp--preset--spacing--superbspacing-xsmall)\"><br>Intemporelles par conception.<\/p>\n\n\n\n<p style=\"margin-right:var(--wp--preset--spacing--superbspacing-large);margin-left:var(--wp--preset--spacing--superbspacing-large)\"><\/p>\n\n\n\n<h2 class=\"wp-block-heading has-text-align-center\">\u00ab La vraie \u00e9l\u00e9gance ne cherche pas l'attention - elle dure. \u00bb<\/h2>\n\n\n\n<p><\/p>\n\n\n\n<p><\/p>","protected":false},"excerpt":{"rendered":"<p>The House Cartling J. was born from the vision of a Parisian founder, guided by a natural intuition for balanced forms and objects meant to endure. Over the years, and through travels across Europe, this sensibility was shaped by different influences &#8211; from the quiet refinement of Paris to the luminous landscapes of Tuscany and [&hellip;]<\/p>\n","protected":false},"author":1,"featured_media":0,"parent":0,"menu_order":0,"comment_status":"closed","ping_status":"closed","template":"","meta":{"footnotes":""},"class_list":["post-171","page","type-page","status-publish","hentry"],"jetpack_sharing_enabled":true,"jetpack-related-posts":[],"_links":{"self":[{"href":"https:\/\/cartlingj.com\/fr\/wp-json\/wp\/v2\/pages\/171","targetHints":{"allow":["GET"]}}],"collection":[{"href":"https:\/\/cartlingj.com\/fr\/wp-json\/wp\/v2\/pages"}],"about":[{"href":"https:\/\/cartlingj.com\/fr\/wp-json\/wp\/v2\/types\/page"}],"author":[{"embeddable":true,"href":"https:\/\/cartlingj.com\/fr\/wp-json\/wp\/v2\/users\/1"}],"replies":[{"embeddable":true,"href":"https:\/\/cartlingj.com\/fr\/wp-json\/wp\/v2\/comments?post=171"}],"version-history":[{"count":14,"href":"https:\/\/cartlingj.com\/fr\/wp-json\/wp\/v2\/pages\/171\/revisions"}],"predecessor-version":[{"id":1188,"href":"https:\/\/cartlingj.com\/fr\/wp-json\/wp\/v2\/pages\/171\/revisions\/1188"}],"wp:attachment":[{"href":"https:\/\/cartlingj.com\/fr\/wp-json\/wp\/v2\/media?parent=171"}],"curies":[{"name":"wp","href":"https:\/\/api.w.org\/{rel}","templated":true}]}}